{"id":13235,"date":"2018-05-24T23:46:11","date_gmt":"2018-05-24T21:46:11","guid":{"rendered":"https:\/\/www.gutenberg-gym.de\/?page_id=13235"},"modified":"2018-05-25T07:59:59","modified_gmt":"2018-05-25T05:59:59","slug":"datenschutzerklaerung","status":"publish","type":"page","link":"https:\/\/gutenberg-alt.wiesan.de\/hp\/datenschutzerklaerung\/","title":{"rendered":"Datenschutzerkl\u00e4rung"},"content":{"rendered":"<h2>\u00dcber uns<\/h2>\n<p>Siehe <a href=\"https:\/\/www.gutenberg-gym.de\/impressum\/\">=&gt;IMPRESSUM<\/a><\/p>\n<h2>Welche personenbezogenen Daten sammeln wir und warum<\/h2>\n<h3>Kommentare<\/h3>\n<p>Wenn Besucher Kommentare auf der Website schreiben, sammeln wir die Daten, die im Kommentar-Formular angezeigt werden, au\u00dferdem die IP-Adresse des Besuchers und den User-Agent-String (damit wird der Browser identifiziert), um die Erkennung von Spam zu unterst\u00fctzen.<\/p>\n<p>Aus Ihrer E-Mail-Adresse kann eine anonymisierte Zeichenfolge erstellt (auch Hash genannt) und dem Gravatar-Dienst \u00fcbergeben werden, um zu pr\u00fcfen, ob du diesen benutzt. Die Datenschutzerkl\u00e4rung des Gravatar-Dienstes findet sich hier: https:\/\/automattic.com\/privacy\/. Nachdem der Kommentar freigegeben wurde, ist das selbst gew\u00e4hlte Profilbild \u00f6ffentlich im Kontext des Kommentars sichtbar.<\/p>\n<h3>Medien<\/h3>\n<p>Registrierte Benutzer dieser Website sollten vermeiden, Fotos mit einem EXIF-GPS-Standort hochzuladen. Besucher dieser Website k\u00f6nnten Fotos, die auf dieser Website gespeichert sind, herunterladen und deren Standort-Informationen extrahieren.<\/p>\n<h3>Kontaktformular<\/h3>\n<p>Das Kontaktformular erzeugt eine E-Mail an die Gutenbergschule. Die dort eingetragenen Daten werden nicht auf unserem Server gespeichert.<\/p>\n<h3>Cookies<\/h3>\n<p>Ein Cookie wird immer auf Ihrem Ger\u00e4t gespeichert, nicht auf der Website, die es erzeugt. Mit der Nutzung dieser Website erkl\u00e4ren Sie sich mit der Nutzung von Cookies einverstanden. Grunds\u00e4tzlich k\u00f6nnen Sie das Setzen von Cookies in den Einstellungen Ihres Browsers abstellen.&nbsp;<\/p>\n<p>Wenn Sie einen Kommentar auf unserer Website schreiben, willigen Sie ein, dass Name, E-Mail-Adresse und Website in einem Cookie auf Ihrem Ger\u00e4t gespeichert werden. Dies ist eine Komfortfunktion, damit Sie diese Daten nicht erneut eingeben m\u00fcssen, wenn Sie einen weiteren Kommentar schreiben. Diese Cookies werden ein Jahr lang gespeichert.<\/p>\n<p>Wenn Sie sich mit einem Nutzerkonto auf dieser Website anmelden, werden wir ein tempor\u00e4res Cookie setzen, um festzustellen, ob Ihr Browser Cookies akzeptiert. Dieses Cookie enth\u00e4lt keine personenbezogenen Daten und wird verworfen, wenn Sie Ihren Browser schlie\u00dfen.<\/p>\n<p>Wenn Sie sich anmelden, werden wir einige Cookies einrichten, um die Anmeldeinformationen und Anzeigeoptionen zu speichern. Anmelde-Cookies verfallen nach zwei Tagen und Cookies f\u00fcr die Anzeigeoptionen nach einem Jahr. Falls Sie bei der Anmeldung \u201eAngemeldet bleiben\u201c ausw\u00e4hlen, wird die Anmeldung zwei Wochen lang aufrechterhalten. Mit der Abmeldung aus dem Konto werden die Anmelde-Cookies gel\u00f6scht.<\/p>\n<p>Wenn Sie einen Artikel bearbeiten oder ver\u00f6ffentlichen, wird ein zus\u00e4tzlicher Cookie im Browser gespeichert. Dieser Cookie enth\u00e4lt keine personenbezogenen Daten und verweist nur auf die Beitrags-ID des Artikels, den Sie gerade bearbeitet haben. Der Cookie verf\u00e4llt nach einem Tag.<\/p>\n<h3>Eingebettete Inhalte von anderen Websites<\/h3>\n<p>Beitr\u00e4ge auf dieser Website k\u00f6nnen eingebettete Inhalte beinhalten (z.&nbsp;B. Videos, Bilder, Beitr\u00e4ge etc.). Eingebettete Inhalte von anderen Websites verhalten sich exakt so, als ob der Besucher die andere Website besucht h\u00e4tte.<\/p>\n<p>Diese Websites k\u00f6nnen Daten \u00fcber Sie sammeln, Cookies benutzen, zus\u00e4tzliche Tracking-Dienste von Dritten einbetten und Ihre Interaktion mit diesem eingebetteten Inhalt aufzeichnen. Mit der Installation eines Werbe- oder Scriptblockers k\u00f6nnen Sie diese Vorg\u00e4nge verhindern.<\/p>\n<h3>Analysedienste<\/h3>\n<p>Wir verwenden das Statistiktool PIWIK f\u00fcr unsere Besucherstatistik. Es werden dabei keine personenbezogenen Daten gespeichert, IP-Adressen werden anonymisiert gespeichert.<\/p>\n<h2>Mit wem wir Ihre Daten teilen<\/h2>\n<p>Wir teilen keine personenbezogenen Daten mit Dritten.<\/p>\n<h2>Wie lange wir Ihre Daten speichern<\/h2>\n<p>Wenn Sie einen Kommentar schreiben, wird dieser inklusive Metadaten zeitlich unbegrenzt gespeichert. Auf diese Art k\u00f6nnen wir Folgekommentare automatisch erkennen und freigeben, anstelle sie in einer Moderations-Warteschlange festzuhalten.<\/p>\n<p>F\u00fcr Benutzer, die sich auf unserer Website registrieren, speichern wir zus\u00e4tzlich die pers\u00f6nlichen Informationen, die sie in ihren Benutzerprofilen angeben. Alle Benutzer k\u00f6nnen jederzeit ihre pers\u00f6nlichen Informationen einsehen, ver\u00e4ndern oder l\u00f6schen (der Benutzername kann nicht ver\u00e4ndert werden). Administratoren der Website k\u00f6nnen diese Informationen ebenfalls einsehen und ver\u00e4ndern.<\/p>\n<h2>Welche Rechte Sie an Ihren Daten haben<\/h2>\n<p>Wenn Sie ein Konto auf dieser Website besitzen oder Kommentare geschrieben haben, k\u00f6nnen Sie einen Export Ihrer personenbezogenen Daten bei uns anfordern, inklusive aller Daten, die Sie uns mitgeteilt haben. Dar\u00fcber hinaus k\u00f6nnen Sie die L\u00f6schung aller personenbezogenen Daten, die wir von Ihnen gespeichert haben, anfordern. Dies umfasst nicht die Daten, die wir aufgrund administrativer, rechtlicher oder sicherheitsrelevanter Notwendigkeiten aufbewahren m\u00fcssen.<\/p>\n<h2>Wohin wir Ihre Daten senden<\/h2>\n<p>Besucher-Kommentare k\u00f6nnten von einem automatisierten Dienst zur Spam-Erkennung untersucht werden.<\/p>\n","protected":false},"excerpt":{"rendered":"<p>\u00dcber uns Siehe =&gt;IMPRESSUM Welche personenbezogenen Daten sammeln wir und warum Kommentare Wenn Besucher Kommentare auf der Website schreiben, sammeln wir die Daten, die im Kommentar-Formular angezeigt werden, au\u00dferdem die IP-Adresse des Besuchers und den User-Agent-String (damit wird der Browser identifiziert), um die Erkennung von Spam zu unterst\u00fctzen. Aus Ihrer E-Mail-Adresse kann eine anonymisierte Zeichenfolge [&hellip;]<\/p>\n","protected":false},"author":1,"featured_media":0,"parent":0,"menu_order":0,"comment_status":"closed","ping_status":"closed","template":"","meta":[],"_links":{"self":[{"href":"https:\/\/gutenberg-alt.wiesan.de\/hp\/wp-json\/wp\/v2\/pages\/13235"}],"collection":[{"href":"https:\/\/gutenberg-alt.wiesan.de\/hp\/wp-json\/wp\/v2\/pages"}],"about":[{"href":"https:\/\/gutenberg-alt.wiesan.de\/hp\/wp-json\/wp\/v2\/types\/page"}],"author":[{"embeddable":true,"href":"https:\/\/gutenberg-alt.wiesan.de\/hp\/wp-json\/wp\/v2\/users\/1"}],"replies":[{"embeddable":true,"href":"https:\/\/gutenberg-alt.wiesan.de\/hp\/wp-json\/wp\/v2\/comments?post=13235"}],"version-history":[{"count":6,"href":"https:\/\/gutenberg-alt.wiesan.de\/hp\/wp-json\/wp\/v2\/pages\/13235\/revisions"}],"predecessor-version":[{"id":13252,"href":"https:\/\/gutenberg-alt.wiesan.de\/hp\/wp-json\/wp\/v2\/pages\/13235\/revisions\/13252"}],"wp:attachment":[{"href":"https:\/\/gutenberg-alt.wiesan.de\/hp\/wp-json\/wp\/v2\/media?parent=13235"}],"curies":[{"name":"wp","href":"https:\/\/api.w.org\/{rel}","templated":true}]}}